{"id":107,"date":"2026-02-20T21:57:01","date_gmt":"2026-02-20T21:57:01","guid":{"rendered":"https:\/\/morethanyousee.art\/?page_id=107"},"modified":"2026-02-21T22:27:51","modified_gmt":"2026-02-21T22:27:51","slug":"konzept","status":"publish","type":"page","link":"https:\/\/morethanyousee.art\/en\/konzept\/","title":{"rendered":"Konzept"},"content":{"rendered":"<div class=\"wp-block-cover\" style=\"border-style:none;border-width:0px;border-top-left-radius:0px;border-top-right-radius:0px;border-bottom-left-radius:0px;border-bottom-right-radius:0px;margin-top:0px;margin-bottom:0px;padding-top:0;padding-right:0px;padding-bottom:0;padding-left:0px;min-height:212px;aspect-ratio:unset;\"><img loading=\"lazy\" decoding=\"async\" width=\"2560\" height=\"1086\" class=\"wp-block-cover__image-background wp-image-88 size-full\" alt=\"\" src=\"https:\/\/morethanyousee.art\/wp-content\/uploads\/2026\/02\/Header-1-scaled.png\" data-object-fit=\"cover\" srcset=\"https:\/\/morethanyousee.art\/wp-content\/uploads\/2026\/02\/Header-1-scaled.png 2560w, https:\/\/morethanyousee.art\/wp-content\/uploads\/2026\/02\/Header-1-300x127.png 300w, https:\/\/morethanyousee.art\/wp-content\/uploads\/2026\/02\/Header-1-1024x434.png 1024w, https:\/\/morethanyousee.art\/wp-content\/uploads\/2026\/02\/Header-1-768x326.png 768w, https:\/\/morethanyousee.art\/wp-content\/uploads\/2026\/02\/Header-1-1536x652.png 1536w, https:\/\/morethanyousee.art\/wp-content\/uploads\/2026\/02\/Header-1-2048x869.png 2048w, https:\/\/morethanyousee.art\/wp-content\/uploads\/2026\/02\/Header-1-18x8.png 18w\" sizes=\"auto, (max-width: 2560px) 100vw, 2560px\" \/><span aria-hidden=\"true\" class=\"wp-block-cover__background has-background-dim-0 has-background-dim\" style=\"background-color:#483728\"><\/span><div class=\"wp-block-cover__inner-container is-layout-flow wp-container-core-cover-is-layout-e25b89d8 wp-block-cover-is-layout-flow\">\n<p class=\"has-text-align-center has-large-font-size\"><\/p>\n<\/div><\/div>\n\n\n\n<hr class=\"wp-block-separator alignfull has-text-color has-alpha-channel-opacity has-background is-style-wide\" style=\"margin-top:0px;margin-bottom:0px;background-color:#a67b5138;color:#a67b5138\"\/>\n\n\n\n<div class=\"wp-block-group has-text-color has-background has-link-color wp-elements-361e88041907fb919e2c3f7fb04b749c is-content-justification-center is-nowrap is-layout-flex wp-container-core-group-is-layout-deee7249 wp-block-group-is-layout-flex\" style=\"color:#c49f58ad;background-color:#ffffff00;min-height:0px;margin-top:0px;margin-bottom:0px;padding-top:5px;padding-bottom:5px;line-height:2\">\n<div class=\"wp-block-group is-layout-constrained wp-block-group-is-layout-constrained\" style=\"min-height:0px\"><\/div>\n\n\n<nav class=\"wp-block-navigation is-horizontal is-layout-flex wp-block-navigation-is-layout-flex\" aria-label=\"Navigation\"><ul class=\"wp-block-navigation__container  wp-block-navigation\"><li class=\"wp-block-navigation-item wp-block-navigation-link\"><a class=\"wp-block-navigation-item__content\"  href=\"https:\/\/morethanyousee.art\/en\/\"><span class=\"wp-block-navigation-item__label\">Galerie<\/span><\/a><\/li><li class=\"wp-block-navigation-item wp-block-navigation-link\"><a class=\"wp-block-navigation-item__content\"  href=\"https:\/\/morethanyousee.art\/en\/konzept\/\"><span class=\"wp-block-navigation-item__label\">Konzept<\/span><\/a><\/li><li class=\"wp-block-navigation-item wp-block-navigation-link\"><a class=\"wp-block-navigation-item__content\"  href=\"https:\/\/morethanyousee.art\/en\/ueber-mich\/\"><span class=\"wp-block-navigation-item__label\">\u00dcber mich<\/span><\/a><\/li><\/ul><\/nav><\/div>\n\n\n\n<div class=\"wp-block-group alignfull has-small-font-size is-content-justification-right is-nowrap is-layout-flex wp-container-core-group-is-layout-27e0a0ce wp-block-group-is-layout-flex\" style=\"border-style:none;border-width:0px;border-top-left-radius:0px;border-top-right-radius:0px;border-bottom-left-radius:0px;border-bottom-right-radius:0px;min-height:0px;margin-top:-30px;margin-bottom:-30px;padding-top:var(--wp--preset--spacing--20);padding-right:0;padding-bottom:var(--wp--preset--spacing--20);padding-left:0\"><div class=\"trp-block-container\"><div class=\"trp-shortcode-switcher__wrapper\"\r\n     style=\"--bg:#ffffff00;--bg-hover:#0000000d;--text:#c49f58ad;--text-hover:#c49f58ad;--border:none;--border-width:0px;--border-color:#14385200;--border-radius:0px;--flag-radius:2px;--flag-size:18px;--aspect-ratio:4\/3;--font-size:14px;--transition-duration:0s\"\r\n     role=\"group\"\r\n     data-open-mode=\"hover\">\r\n\r\n    \r\n        <!-- ANCHOR (in-flow only; sizing\/borders; inert) -->\r\n        <div class=\"trp-language-switcher trp-ls-dropdown trp-shortcode-switcher trp-shortcode-anchor trp-open-on-hover\"\r\n             aria-hidden=\"true\"\r\n             inert\r\n data-no-translation>\r\n                <div class=\"trp-current-language-item__wrapper\">\r\n        <a class=\"trp-language-item trp-language-item__default trp-language-item__current\" data-no-translation href=\"https:\/\/morethanyousee.art\/en\/wp-json\/wp\/v2\/pages\/107\" title=\"EN\"><span class=\"trp-language-item-name\">EN<\/span><\/a>                    <svg class=\"trp-shortcode-arrow\" width=\"20\" height=\"20\" viewbox=\"0 0 20 21\" fill=\"none\" aria-hidden=\"true\" focusable=\"false\" xmlns=\"http:\/\/www.w3.org\/2000\/svg\">\r\n                <path d=\"M5 8L10 13L15 8\" stroke=\"var(--text)\" stroke-width=\"2\" stroke-linecap=\"round\" stroke-linejoin=\"round\"\/>\r\n            <\/svg>\r\n            <\/div>\r\n            <\/div>\r\n\r\n        <!-- OVERLAY (positioned; interactive surface) -->\r\n        <div class=\"trp-language-switcher trp-ls-dropdown trp-shortcode-switcher trp-shortcode-overlay trp-open-on-hover\"\r\n             role=\"navigation\"\r\n             aria-label=\"Website language selector\"\r\n             data-no-translation\r\n>\r\n                <div class=\"trp-current-language-item__wrapper\">\r\n        <div class=\"trp-language-item trp-language-item__default trp-language-item__current\" data-no-translation role=\"button\" aria-expanded=\"false\" tabindex=\"0\" aria-label=\"Change language\" aria-controls=\"trp-shortcode-dropdown-69e47d68a595d\"><span class=\"trp-language-item-name\">EN<\/span><\/div>                    <svg class=\"trp-shortcode-arrow\" width=\"20\" height=\"20\" viewbox=\"0 0 20 21\" fill=\"none\" aria-hidden=\"true\" focusable=\"false\" xmlns=\"http:\/\/www.w3.org\/2000\/svg\">\r\n                <path d=\"M5 8L10 13L15 8\" stroke=\"var(--text)\" stroke-width=\"2\" stroke-linecap=\"round\" stroke-linejoin=\"round\"\/>\r\n            <\/svg>\r\n            <\/div>\r\n    \r\n            <div class=\"trp-switcher-dropdown-list\"\r\n                 id=\"trp-shortcode-dropdown-69e47d68a595d\"\r\n                 role=\"group\"\r\n                 aria-label=\"Available languages\"\r\n                 hidden\r\n inert\r\n>\r\n                                                            <a class=\"trp-language-item\" href=\"https:\/\/morethanyousee.art\/en\/wp-json\/wp\/v2\/pages\/107\" title=\"DE\">\r\n                                                                                        <span class=\"trp-language-item-name\" data-no-translation>DE<\/span>\r\n                                                                                <\/a>\r\n                                                <\/div>\r\n        <\/div>\r\n\r\n    <\/div>\r\n<\/div><\/div>\n\n\n\n<hr class=\"wp-block-separator alignfull has-text-color has-alpha-channel-opacity has-background is-style-wide\" style=\"margin-top:0px;margin-bottom:0px;background-color:#a67b5138;color:#a67b5138\"\/>\n\n\n\n<h2 class=\"wp-block-heading has-text-align-center has-text-color has-link-color has-large-font-size wp-elements-a8c8684c545d1dbd4d0677e269ee3b54\" style=\"border-style:none;border-width:0px;color:#c5a059;padding-top:38px;padding-bottom:0px;line-height:2\">Das Konzept<\/h2>\n\n\n\n<div class=\"wp-block-group has-text-color has-link-color wp-elements-c356f0dc5896fbcef40d8b0d4a2ad366 is-layout-constrained wp-container-core-group-is-layout-93c31d7a wp-block-group-is-layout-constrained\" style=\"border-style:none;border-width:0px;color:#d1d1d1;min-height:0px;margin-top:0;margin-bottom:0;padding-top:0;padding-right:var(--wp--preset--spacing--80);padding-bottom:0;padding-left:var(--wp--preset--spacing--80);line-height:1.5\">\n<p class=\"has-ast-global-color-7-color has-text-color has-link-color wp-elements-67cd682632ac3cf50d08abc2aac1c197\">Vieles von dem, was uns begegnet, offenbart seinen Kern nicht sofort. Wir haben uns daran gew\u00f6hnt, Oberfl\u00e4chen nur noch zu scannen, anstatt sie zu durchdringen \u2013 und im Zweifel haben wir bereits weitergeswiped, noch bevor sich eine tiefere Botschaft offenbaren konnte. Doch fast jedes Werk, jedes Motiv und jede T\u00e4towierung birgt Schichten, die weit \u00fcber das hinausgehen, was das Auge im Vorbeigehen erfasst. Es sind oft kleine Details oder bewusste Entscheidungen, die einem Bild erst seinen eigentlichen Wert verleihen. Erst wenn wir innehalten und das Gesehene hinterfragen, beginnt das eigentliche Verstehen.<\/p>\n\n\n\n<p class=\"has-ast-global-color-7-color has-text-color has-link-color wp-elements-d875a6a9012ac1d6bd92d642d4552074\">Hier setzt mein Projekt <strong>\u201eMore Than You See\u201c<\/strong> an. Es ist der Versuch, einen einfachen und unvoreingenommenen Zugang zu den Geschichten hinter den Motiven zu finden \u2013 egal ob im klassischen \u00d6lgem\u00e4lde oder unter der Haut. Mit einem schlichten, analytischen Interesse stelle ich mir die Fragen, die uns alle besch\u00e4ftigen k\u00f6nnten: Warum wurde genau dieses Symbol gew\u00e4hlt? Welche Absicht k\u00f6nnte der Urheber verfolgt haben? Und warum nutzt er genau dieses Motiv an genau dieser Stelle?<\/p>\n\n\n\n<p class=\"has-text-color has-link-color wp-elements-b08895b4fe9bf7b26b4ac38d4364c3bd\" style=\"color:#e5e5e5\">Dabei spreche ich nicht aus der Sicht eines studierten Kunsthistorikers, sondern als jemand, der schlichtweg wissen will, was \u201eSache\u201c ist. Es geht mir nicht um die eine, absolute Wahrheit, sondern um eine gemeinsame Ann\u00e4herung an das Thema \u2013 ohne den \u00fcblichen Galerie-Staub und ohne kompliziertes Kunst-Geschwafel. <strong><mark style=\"background-color:rgba(0, 0, 0, 0);color:#c5a059\" class=\"has-inline-color\">\u201eMore Than You See\u201c<\/mark><\/strong> soll ein Anfang f\u00fcr alle sein, die Lust haben, ein wenig genauer hinzusehen. Denn am Ende des Tages ist Kunst genau das, was wir daraus machen \u2013 solange wir bereit sind, den zweiten Blick zu wagen.<\/p>\n<\/div>\n\n\n\n<p class=\"has-text-align-center has-text-color has-link-color has-medium-font-size wp-elements-68bf1f32cedb67b38dea008a32002839\" style=\"color:#c5a059;margin-top:var(--wp--preset--spacing--60);margin-bottom:var(--wp--preset--spacing--60);line-height:1.5\"><strong><em>\u201eMan sieht nur, was man wei\u00df.\u201c<\/em> <br>\u2014 Johann Wolfgang von Goethe<\/strong><\/p>\n\n\n\n<p><\/p>","protected":false},"excerpt":{"rendered":"<p>Vieles von dem, was uns begegnet, offenbart seinen Kern nicht sofort. Wir haben uns daran gew\u00f6hnt, Oberfl\u00e4chen nur noch zu scannen, anstatt sie zu durchdringen \u2013 und im Zweifel haben wir bereits weitergeswiped, noch bevor sich eine tiefere Botschaft offenbaren konnte. Doch fast jedes Werk, jedes Motiv und jede T\u00e4towierung birgt Schichten, die weit \u00fcber das hinausgehen, was das Auge im Vorbeigehen erfasst. Es sind oft kleine Details oder bewusste Entscheidungen, die einem Bild erst seinen eigentlichen Wert verleihen. Erst wenn wir innehalten und das Gesehene hinterfragen, beginnt das eigentliche Verstehen.<br \/>Hier setzt mein Projekt <strong>\u201eMore Than You See\u201c<\/strong> an. Es ist der Versuch, einen einfachen und unvoreingenommenen Zugang zu den Geschichten hinter den Motiven zu finden \u2013 egal ob im klassischen \u00d6lgem\u00e4lde oder unter der Haut. Mit einem schlichten, analytischen Interesse stelle ich mir die Fragen, die uns alle besch\u00e4ftigen k\u00f6nnten: Warum wurde genau dieses Symbol gew\u00e4hlt? Welche Absicht k\u00f6nnte der Urheber verfolgt haben? Und warum nutzt er genau dieses Motiv an genau dieser Stelle?<br \/>Dabei spreche ich nicht aus der Sicht eines studierten Kunsthistorikers, sondern als jemand, der schlichtweg wissen will, was \u201eSache\u201c ist. Es geht mir nicht um die eine, absolute Wahrheit, sondern um eine gemeinsame Ann\u00e4herung an das Thema \u2013 ohne den \u00fcblichen Galerie-Staub und ohne kompliziertes Kunst-Geschwafel. <strong>\u201eMore Than You See\u201c<\/strong> soll ein Anfang f\u00fcr alle sein, die Lust haben, ein wenig genauer hinzusehen. Denn am Ende des Tages ist Kunst genau das, was wir daraus machen \u2013 solange wir bereit sind, den zweiten Blick zu wagen.<\/p>\n<p>\u201eMan sieht nur, was man wei\u00df.\u201c \u2014 <em>Johann Wolfgang von Goethe<\/em><\/p>","protected":false},"author":1,"featured_media":0,"parent":0,"menu_order":0,"comment_status":"closed","ping_status":"closed","template":"","meta":{"site-sidebar-layout":"no-sidebar","site-content-layout":"","ast-site-content-layout":"full-width-container","site-content-style":"unboxed","site-sidebar-style":"unboxed","ast-global-header-display":"disabled","ast-banner-title-visibility":"disabled","ast-main-header-display":"","ast-hfb-above-header-display":"","ast-hfb-below-header-display":"","ast-hfb-mobile-header-display":"","site-post-title":"disabled","ast-breadcrumbs-content":"","ast-featured-img":"","footer-sml-layout":"","ast-disable-related-posts":"","theme-transparent-header-meta":"","adv-header-id-meta":"","stick-header-meta":"","header-above-stick-meta":"","header-main-stick-meta":"","header-below-stick-meta":"","astra-migrate-meta-layouts":"default","ast-page-background-enabled":"default","ast-page-background-meta":{"desktop":{"background-color":"var(--ast-global-color-5)","background-image":"","background-repeat":"repeat","background-position":"center center","background-size":"auto","background-attachment":"scroll","background-type":"","background-media":"","overlay-type":"","overlay-color":"","overlay-opacity":"","overlay-gradient":""},"tablet":{"background-color":"","background-image":"","background-repeat":"repeat","background-position":"center center","background-size":"auto","background-attachment":"scroll","background-type":"","background-media":"","overlay-type":"","overlay-color":"","overlay-opacity":"","overlay-gradient":""},"mobile":{"background-color":"","background-image":"","background-repeat":"repeat","background-position":"center center","background-size":"auto","background-attachment":"scroll","background-type":"","background-media":"","overlay-type":"","overlay-color":"","overlay-opacity":"","overlay-gradient":""}},"ast-content-background-meta":{"desktop":{"background-color":"var(--ast-global-color-4)","background-image":"","background-repeat":"repeat","background-position":"center center","background-size":"auto","background-attachment":"scroll","background-type":"","background-media":"","overlay-type":"","overlay-color":"","overlay-opacity":"","overlay-gradient":""},"tablet":{"background-color":"var(--ast-global-color-4)","background-image":"","background-repeat":"repeat","background-position":"center center","background-size":"auto","background-attachment":"scroll","background-type":"","background-media":"","overlay-type":"","overlay-color":"","overlay-opacity":"","overlay-gradient":""},"mobile":{"background-color":"var(--ast-global-color-4)","background-image":"","background-repeat":"repeat","background-position":"center center","background-size":"auto","background-attachment":"scroll","background-type":"","background-media":"","overlay-type":"","overlay-color":"","overlay-opacity":"","overlay-gradient":""}},"footnotes":""},"class_list":["post-107","page","type-page","status-publish","hentry"],"_links":{"self":[{"href":"https:\/\/morethanyousee.art\/en\/wp-json\/wp\/v2\/pages\/107","targetHints":{"allow":["GET"]}}],"collection":[{"href":"https:\/\/morethanyousee.art\/en\/wp-json\/wp\/v2\/pages"}],"about":[{"href":"https:\/\/morethanyousee.art\/en\/wp-json\/wp\/v2\/types\/page"}],"author":[{"embeddable":true,"href":"https:\/\/morethanyousee.art\/en\/wp-json\/wp\/v2\/users\/1"}],"replies":[{"embeddable":true,"href":"https:\/\/morethanyousee.art\/en\/wp-json\/wp\/v2\/comments?post=107"}],"version-history":[{"count":24,"href":"https:\/\/morethanyousee.art\/en\/wp-json\/wp\/v2\/pages\/107\/revisions"}],"predecessor-version":[{"id":227,"href":"https:\/\/morethanyousee.art\/en\/wp-json\/wp\/v2\/pages\/107\/revisions\/227"}],"wp:attachment":[{"href":"https:\/\/morethanyousee.art\/en\/wp-json\/wp\/v2\/media?parent=107"}],"curies":[{"name":"wp","href":"https:\/\/api.w.org\/{rel}","templated":true}]}}